{"id":228,"date":"2021-05-17T06:14:40","date_gmt":"2021-05-17T05:14:40","guid":{"rendered":"http:\/\/wp3.commonsupport.com\/newwp\/fixnox\/?page_id=228"},"modified":"2021-10-10T18:59:15","modified_gmt":"2021-10-10T17:59:15","slug":"preguntas-frecuentes","status":"publish","type":"page","link":"https:\/\/termogascanarias.es\/en\/preguntas-frecuentes\/","title":{"rendered":"Preguntas Frecuentes"},"content":{"rendered":"<p><section class=\"kc-elm kc-css-558782 kc_row\"><div class=\"kc-row-container  kc-container\"><div class=\"kc-wrap-columns\"><div class=\"kc-elm kc-css-575831 kc_col-sm-12 kc_column kc_col-sm-12\"><div class=\"kc-col-container\">  \r\n   \r\n                                                                                                                                                 \r\n<!--Faq Section-->\r\n<section class=\"faq-section\">\r\n    <div class=\"auto-container\">\r\n        <div class=\"sec-title\">\r\n            <h2>Resuelve tus dudas<\/h2>\r\n            <div class=\"text\">Descubra la respuesta a sus dudas desde el s\u00edmbolo + o h\u00e1ganos su consulta desde el formulario.<\/div>\r\n        <\/div>\r\n        <!-- faq Form -->\r\n        <div class=\"faq-search-box\">\r\n            <form method=\"get\" action=\"https:\/\/termogascanarias.es\/en\/\" data-trp-original-action=\"https:\/\/termogascanarias.es\/en\/\">\r\n    <div class=\"form-group\">\r\n        <input type=\"search\" name=\"s\" value=\"\" placeholder=\"Search Your Answer\" required>\r\n        <button type=\"submit\"><span class=\"icon fa fa-search\"><\/span><\/button>\r\n    <\/div>\r\n<input type=\"hidden\" name=\"trp-form-language\" value=\"en\"\/><\/form>        <\/div>\r\n        \r\n        <div class=\"row clearfix\">\r\n            \r\n            <div class=\"column col-md-6 col-sm-12 col-xs-12\">\r\n                <!--Accordian Box-->\r\n                <ul class=\"accordion-box\">\r\n                    \t\t\t\t\t\t <li class=\"accordion block\">\r\n\t\t\t\t\t\t\t\t\t\t\t\t\t<div class=\"acc-btn active\"><div class=\"icon-outer\"><span class=\"icon icon-plus fa fa-plus\"><\/span> <span class=\"icon icon-minus fa fa-minus\"><\/span><\/div>\u00bfEl calentador enciende pero no calienta el agua?<\/div>\r\n\t\t\t\t\t\t\t\t\t\t\t\t\t<div class=\"acc-content current\">\r\n\t\t\t\t\t\t\t\t\t\t\t\t\t\t<div class=\"content\">\r\n\t\t\t\t\t\t\t\t\t\t\t\t\t\t\t<div class=\"text\">Es posible que tenga una obstrucci\u00f3n producida por la cal en algun perlizador. En TermoGas revisamos todos los grifos para comprobar su correcto funcionamiento.<\/div>\r\n\t\t\t\t\t\t\t\t\t\t\t\t\t\t<\/div>\r\n\t\t\t\t\t\t\t\t\t\t\t\t\t<\/div>\r\n\t\t\t\t\t\t\t\t\t\t\t\t<\/li>                    \t\t\t\t\t\t <li class=\"accordion block\">\r\n\t\t\t\t\t\t\t\t\t\t\t\t\t<div class=\"acc-btn\"><div class=\"icon-outer\"><span class=\"icon icon-plus fa fa-plus\"><\/span> <span class=\"icon icon-minus fa fa-minus\"><\/span><\/div>\u00bfMi instalaci\u00f3n de gas necesita mantenimiento?<\/div>\r\n\t\t\t\t\t\t\t\t\t\t\t\t\t<div class=\"acc-content\">\r\n\t\t\t\t\t\t\t\t\t\t\t\t\t\t<div class=\"content\">\r\n\t\t\t\t\t\t\t\t\t\t\t\t\t\t\t<div class=\"text\">Si. Una vez realizada una instalaci\u00f3n, el propietario\/usuario tiene el deber de solicitar a una empresa instaladora autorizada una revisi\u00f3n de gas cada 5 a\u00f1os para garantizar la seguridad y el correcto funcionamiento y mantenimiento de su instalaci\u00f3n.<\/div>\r\n\t\t\t\t\t\t\t\t\t\t\t\t\t\t<\/div>\r\n\t\t\t\t\t\t\t\t\t\t\t\t\t<\/div>\r\n\t\t\t\t\t\t\t\t\t\t\t\t<\/li>                                    <\/ul>\r\n            <\/div>\r\n            \r\n            <div class=\"column col-md-6 col-sm-12 col-xs-12\">\r\n                \r\n                <!--Accordian Box-->\r\n                <ul class=\"accordion-box\">\r\n                    \t\t\t\t\t\t <li class=\"accordion block\">\r\n\t\t\t\t\t\t\t\t\t\t\t\t\t<div class=\"acc-btn\"><div class=\"icon-outer\"><span class=\"icon icon-plus fa fa-plus\"><\/span> <span class=\"icon icon-minus fa fa-minus\"><\/span><\/div>\u00bfC\u00f3mo saber mi instalaci\u00f3n es legal?<\/div>\r\n\t\t\t\t\t\t\t\t\t\t\t\t\t<div class=\"acc-content\">\r\n\t\t\t\t\t\t\t\t\t\t\t\t\t\t<div class=\"content\">\r\n\t\t\t\t\t\t\t\t\t\t\t\t\t\t\t<div class=\"text\">Para que una instalaci\u00f3n de gas sea legal debe de tener un certificado vigente emitido por una empresa instaladora de gas autorizada<\/div>\r\n\t\t\t\t\t\t\t\t\t\t\t\t\t\t<\/div>\r\n\t\t\t\t\t\t\t\t\t\t\t\t\t<\/div>\r\n\t\t\t\t\t\t\t\t\t\t\t\t<\/li>                                    <\/ul>\r\n                \r\n            <\/div>\r\n        <\/div>\r\n        \r\n    <\/div>\r\n<\/section>\r\n<!--End Faq Section-->\r\n\r\n<\/div><\/div><\/div><\/div><\/section><section class=\"kc-elm kc-css-227123 kc_row\"><div class=\"kc-row-container\"><div class=\"kc-wrap-columns\"><div class=\"kc-elm kc-css-732218 kc_col-sm-12 kc_column kc_col-sm-12\"><div class=\"kc-col-container\"><!--Faq Form Section-->\r\n<section class=\"faq-form-section\">\r\n    <div class=\"auto-container\">\r\n        <div class=\"sec-title light\">\r\n            <h2>\u00bfNo encontraste tu respuesta? Env\u00eda tu pregunta<\/h2>\r\n        <\/div>\r\n        <!--Form Outer-->\r\n        <div class=\"form-outer\">\r\n            <!--Faq Form-->\r\n            <div class=\"faq-form-box\">\r\n                <!--Contact Form-->\r\n                \n<div class=\"wpcf7 no-js\" id=\"wpcf7-f369-o1\" lang=\"en-US\" dir=\"ltr\" data-wpcf7-id=\"369\">\n<div class=\"screen-reader-response\"><p role=\"status\" aria-live=\"polite\" aria-atomic=\"true\"><\/p> <ul><\/ul><\/div>\n<form action=\"\/en\/wp-json\/wp\/v2\/pages\/228#wpcf7-f369-o1\" method=\"post\" class=\"wpcf7-form init\" aria-label=\"Contact form\" novalidate=\"novalidate\" data-status=\"init\" data-trp-original-action=\"\/en\/wp-json\/wp\/v2\/pages\/228#wpcf7-f369-o1\">\n<fieldset class=\"hidden-fields-container\"><input type=\"hidden\" name=\"_wpcf7\" value=\"369\" \/><input type=\"hidden\" name=\"_wpcf7_version\" value=\"6.1.5\" \/><input type=\"hidden\" name=\"_wpcf7_locale\" value=\"en_US\" \/><input type=\"hidden\" name=\"_wpcf7_unit_tag\" value=\"wpcf7-f369-o1\" \/><input type=\"hidden\" name=\"_wpcf7_container_post\" value=\"0\" \/><input type=\"hidden\" name=\"_wpcf7_posted_data_hash\" value=\"\" \/>\n<\/fieldset>\n<div class=\"form-group\">\n\t<p><span class=\"wpcf7-form-control-wrap\" data-name=\"email-613\"><input size=\"40\" maxlength=\"400\" class=\"wpcf7-form-control wpcf7-email wpcf7-validates-as-required wpcf7-text wpcf7-validates-as-email\" aria-required=\"true\" aria-invalid=\"false\" placeholder=\"Email*\" value=\"\" type=\"email\" name=\"email-613\" \/><\/span>\n\t<\/p>\n<\/div>\n<div class=\"form-group\">\n\t<p><span class=\"wpcf7-form-control-wrap\" data-name=\"text-78\"><input size=\"40\" maxlength=\"400\" class=\"wpcf7-form-control wpcf7-text wpcf7-validates-as-required\" aria-required=\"true\" aria-invalid=\"false\" placeholder=\"Asunto*\" value=\"\" type=\"text\" name=\"text-78\" \/><\/span>\n\t<\/p>\n<\/div>\n<div class=\"form-group\">\n\t<p><span class=\"wpcf7-form-control-wrap\" data-name=\"textarea-502\"><textarea cols=\"40\" rows=\"10\" maxlength=\"2000\" class=\"wpcf7-form-control wpcf7-textarea wpcf7-validates-as-required\" aria-required=\"true\" aria-invalid=\"false\" placeholder=\"Tu pregunta*\" name=\"textarea-502\"><\/textarea><\/span>\n\t<\/p>\n<\/div>\n<div class=\"form-group\">\n\t<p><input class=\"wpcf7-form-control wpcf7-submit has-spinner theme-btn btn-style-one\" type=\"submit\" value=\"Enviar ahora\" \/>\n\t<\/p>\n<\/div><div class=\"wpcf7-response-output\" aria-hidden=\"true\"><\/div>\n<input type=\"hidden\" name=\"trp-form-language\" value=\"en\"\/><\/form>\n<\/div>\n            <\/div>\r\n            <!--End Faq Form-->\r\n        <\/div>\r\n        <div class=\"image\">\r\n            <img decoding=\"async\" src=\"https:\/\/termogascanarias.es\/wp-content\/uploads\/2021\/05\/dudas.png\" alt=\"Image\" \/>\r\n        <\/div>\r\n    <\/div>\r\n<\/section><\/div><\/div><\/div><\/div><\/section><\/p>","protected":false},"excerpt":{"rendered":"","protected":false},"author":1,"featured_media":0,"parent":0,"menu_order":0,"comment_status":"closed","ping_status":"closed","template":"tpl-king_composer.php","meta":{"sfsi_plus_gutenberg_text_before_share":"","sfsi_plus_gutenberg_show_text_before_share":"","sfsi_plus_gutenberg_icon_type":"","sfsi_plus_gutenberg_icon_alignemt":"","sfsi_plus_gutenburg_max_per_row":"","footnotes":""},"class_list":["post-228","page","type-page","status-publish","hentry"],"_links":{"self":[{"href":"https:\/\/termogascanarias.es\/en\/wp-json\/wp\/v2\/pages\/228","targetHints":{"allow":["GET"]}}],"collection":[{"href":"https:\/\/termogascanarias.es\/en\/wp-json\/wp\/v2\/pages"}],"about":[{"href":"https:\/\/termogascanarias.es\/en\/wp-json\/wp\/v2\/types\/page"}],"author":[{"embeddable":true,"href":"https:\/\/termogascanarias.es\/en\/wp-json\/wp\/v2\/users\/1"}],"replies":[{"embeddable":true,"href":"https:\/\/termogascanarias.es\/en\/wp-json\/wp\/v2\/comments?post=228"}],"version-history":[{"count":29,"href":"https:\/\/termogascanarias.es\/en\/wp-json\/wp\/v2\/pages\/228\/revisions"}],"predecessor-version":[{"id":1326,"href":"https:\/\/termogascanarias.es\/en\/wp-json\/wp\/v2\/pages\/228\/revisions\/1326"}],"wp:attachment":[{"href":"https:\/\/termogascanarias.es\/en\/wp-json\/wp\/v2\/media?parent=228"}],"curies":[{"name":"wp","href":"https:\/\/api.w.org\/{rel}","templated":true}]}}