{"id":208,"date":"2021-05-17T16:00:38","date_gmt":"2021-05-17T15:00:38","guid":{"rendered":"http:\/\/wp3.commonsupport.com\/newwp\/fixnox\/?page_id=208"},"modified":"2021-10-10T18:25:56","modified_gmt":"2021-10-10T17:25:56","slug":"reparacion-de-calentadores-y-calderas","status":"publish","type":"page","link":"https:\/\/termogascanarias.es\/fr\/reparacion-de-calentadores-y-calderas\/","title":{"rendered":"Reparaci\u00f3n de calentadores y Calderas"},"content":{"rendered":"<section class=\"kc-elm kc-css-317288 kc_row\"><div class=\"kc-row-container  kc-container\"><div class=\"kc-wrap-columns\"><div class=\"kc-elm kc-css-322771 kc_col-sm-12 kc_column kc_col-sm-12\"><div class=\"kc-col-container\"><!--Sidebar Page Container-->\r\n<div class=\"sidebar-page-container\">\r\n    <div class=\"auto-container\">\r\n        <div class=\"row clearfix\">\r\n            \r\n            <!--Sidebar Side-->\r\n            <div class=\"sidebar-side col-lg-3 col-md-4 col-sm-12 col-xs-12\">\r\n                <aside class=\"sidebar\">\r\n                    \t\t\t\t\t\t<div id=\"sfsi-plus-widget-3\" class=\"extendedwopts-hide extendedwopts-tablet extendedwopts-mobile widget sidebar-widget sfsi_plus\"><div class=\"sidebar-title style-two\"><h2>S\u00edguenos en nuestras redes<\/h2><\/div>\t\t\t<div class=\"sfsi_plus_widget\" data-position=\"widget\">\n\t\t\t\t<div id='sfsi_plus_wDiv'><\/div>\n\t\t\t\t\t\t<script>\n\t\t\twindow.addEventListener('sfsi_plus_functions_loaded', function() {\n\t\t\t\tif (typeof sfsi_plus_widget_set == 'function') {\n\t\t\t\t\tsfsi_plus_widget_set();\n\t\t\t\t}\n\t\t\t})\n\t\t<\/script>\n\t\t<div class=\"sfsiplus_norm_row sfsi_plus_wDiv\"  style=\"width:225px;position:absolute;;text-align:left\"><div style='width:40px; height:auto;margin-left:5px;margin-bottom:5px;' class='sfsi_plus_wicons shuffeldiv1'><div class='sfsiplus_inerCnt'><a class='sficn1' data-effect='' target='_blank'  href='https:\/\/www.facebook.com\/TermoGas-Canarias-113413237496667\/'  style='width:40px; height:40px;opacity:1;' ><img alt='https:\/\/www.facebook.com\/TermoGas-Canarias-113413237496667\/' title='https:\/\/www.facebook.com\/TermoGas-Canarias-113413237496667\/' src='https:\/\/termogascanarias.es\/wp-content\/plugins\/ultimate-social-media-plus\/images\/icons_theme\/default\/default_fb.png' width='40' height='40' style='' class='sfcm sfsi_wicon sfsiplusid_round_icon_facebook' data-effect=''  \/><\/a><div class=\"sfsi_plus_tool_tip_2 sfsi_plus_fb_tool_bdr sfsi_plus_Tlleft sfsiplusid_facebook\" style=\"display:block;width:62px;opacity:0;z-index:-1;\"><span class=\"bot_arow bot_fb_arow\"><\/span><div class=\"sfsi_plus_inside\"><div  class='icon1'><a href='https:\/\/www.facebook.com\/TermoGas-Canarias-113413237496667\/' target='_blank'><img class='sfsi_plus_wicon' alt='https:\/\/www.facebook.com\/TermoGas-Canarias-113413237496667\/' title='https:\/\/www.facebook.com\/TermoGas-Canarias-113413237496667\/' src='https:\/\/termogascanarias.es\/wp-content\/plugins\/ultimate-social-media-plus\/images\/visit_icons\/Visit_us_fb\/icon_Visit_us_es_ES.png'  \/><\/a><\/div><div  class='icon2'><div class=\"fb-like\" data-width=\"180\" data-show-faces=\"false\" data-href=\"https%3A%2F%2Ftermogascanarias.es%2Ffr%2Fwp-json%2Fwp%2Fv2%2Fpages%2F208%2F\" data-layout=\"button\" data-action=\"like\" data-share=\"false\" ><\/div><\/div><div  class='icon3'><a target='_blank' href='https:\/\/www.facebook.com\/sharer\/sharer.php?u=https%3A%2F%2Ftermogascanarias.es%2Ffr%2Fwp-json%2Fwp%2Fv2%2Fpages%2F208' style='display:inline-block;'> <img class='sfsi_wicon'  data-pin-nopin='true' width='auto' height='auto' alt='fb-share-icon' title='Facebook Share' src='https:\/\/termogascanarias.es\/wp-content\/plugins\/ultimate-social-media-plus\/images\/share_icons\/fb_icons\/es_ES.svg'' \/><\/a><\/div><\/div><\/div><\/div><\/div><div style='width:40px; height:auto;margin-left:5px;margin-bottom:5px;' class='sfsi_plus_wicons shuffeldiv1'><div class='sfsiplus_inerCnt'><a class='sficn1' data-effect=''   href='javascript:void(0);'  style='width:40px; height:40px;opacity:1;' ><img alt='LinkedIn' title='LinkedIn' src='https:\/\/termogascanarias.es\/wp-content\/plugins\/ultimate-social-media-plus\/images\/icons_theme\/default\/default_linkedin.png' width='40' height='40' style='' class='sfcm sfsi_wicon sfsiplusid_round_icon_linkedin' data-effect=''  \/><\/a><div class=\"sfsi_plus_tool_tip_2 sfsi_plus_linkedin_tool_bdr sfsi_plus_Tlleft sfsiplusid_linkedin\" style=\"display:block;width:99px;opacity:0;z-index:-1;\"><span class=\"bot_arow bot_linkedin_arow\"><\/span><div class=\"sfsi_plus_inside\"><div  class='icon4'><a href='javascript:void(0);' target='_blank'><img class='sfsi_plus_wicon' alt='' title='' src='https:\/\/termogascanarias.es\/wp-content\/plugins\/ultimate-social-media-plus\/images\/visit_icons\/linkedIn.png'  \/><\/a><\/div><div  class='icon1'><script type=\"IN\/FollowCompany\" data-id=\"0\" data-counter=\"none\"><\/script><\/div><div  class='icon2'><a href='https:\/\/www.linkedin.com\/shareArticle?url=https:\/\/termogascanarias.es\/fr\/wp-json\/wp\/v2\/pages\/208'><img class='sfsi_premium_wicon' nopin=\"nopin\" alt='Share' title='Share' src='https:\/\/termogascanarias.es\/wp-content\/plugins\/ultimate-social-media-plus\/images\/share_icons\/Linkedin_Share\/en_US_share.svg'  \/><\/a><\/div><div  class='icon3'><script type=\"IN\/RecommendProduct\" data-company=\"0\" data-product=\"0\"><\/script><\/div><\/div><\/div><\/div><\/div><div style='width:40px; height:auto;margin-left:5px;margin-bottom:5px;' class='sfsi_plus_wicons shuffeldiv1'><div class='sfsiplus_inerCnt'><a class='sficn1' data-effect='' target='_blank'  href='https:\/\/www.instagram.com\/termogascanarias\/'  style='width:40px; height:40px;opacity:1;' ><img alt='https:\/\/www.instagram.com\/termogascanarias\/' title='https:\/\/www.instagram.com\/termogascanarias\/' src='https:\/\/termogascanarias.es\/wp-content\/plugins\/ultimate-social-media-plus\/images\/icons_theme\/default\/default_instagram.png' width='40' height='40' style='' class='sfcm sfsi_wicon sfsiplusid_round_icon_instagram' data-effect=''  \/><\/a><\/div><\/div><\/div><div id=\"sfsi_holder\" class=\"sfsi_plus_holders\" style=\"position: relative; float: left;width:100%;z-index:-1;\"><\/div><script><\/script>\t\t\t\t<div style=\"clear: both;\"><\/div>\n\t\t\t<\/div>\n\t\t<\/div><div id=\"bunch_contact_info-2\" class=\"extendedwopts-hide extendedwopts-tablet extendedwopts-mobile widget sidebar-widget widget_bunch_contact_info\">      \t\t\r\n            <!--Contact Widhet-->\r\n            <div class=\"sidebar-widget contact-info-widget\">\r\n                <div class=\"sidebar-title style-two\"><h2>Contacto<\/h2><\/div>                \r\n                <div class=\"inner-box\">\r\n                    <ul>\r\n                        <li><span class=\"icon fa fa-phone\"><\/span>606 984 903<\/li>\r\n                        <li><span class=\"icon fa fa-send\"><\/span>info@termogascanarias.es<\/li>\r\n                    <\/ul>\r\n                <\/div>\r\n            <\/div>\r\n            \r\n\t\t<\/div>                \t                <\/aside>\r\n            <\/div>\r\n            \r\n            <!--Content Side-->\r\n            <div class=\"content-side col-lg-9 col-md-8 col-sm-12 col-xs-12\">\r\n                <div class=\"services-single\">\r\n                    <div class=\"inner-box\">\r\n                                                \r\n                            <div class=\"big-image\">\r\n                                <img decoding=\"async\" src=\"https:\/\/termogascanarias.es\/wp-content\/uploads\/2021\/09\/IMG-20210906-WA0007.jpg\" alt=\"Image\" \/>\r\n                            <\/div>\r\n                                                \r\n                        <h2>Debe de saber...<\/h2>\r\n                        <div class=\"text\">\r\n                            <p>Somos especialistas en este servicio, una t\u00e9cnica y una maestr\u00eda que se ha heredado a lo largo de tres generaciones.<\/p>\r\n<p>La reparaci\u00f3n de calentadores de gas es una opci\u00f3n que debemos barajar a la hora de encontrarnos con que nuestro calentador no funciona, \u00e9sta siempre ser\u00e1 la opci\u00f3n m\u00e1s econ\u00f3mica y probablemente la m\u00e1s ecol\u00f3gica ya que dependiendo de la marca es un aparato que te puede durar toda la vida realizando un mantenimiento cada 3 a\u00f1os.<\/p>\r\n<p>En TermoGas dispondremos en todo momento de los repuestos necesarios para reemplazar las piezas o reparar las que producen la aver\u00eda. Gracias a nuestra experiencia en este servicio podemos avalar que nuestras reparaciones son de alta calidad y duraderas. Conocemos al detalle cada marca y cada modelo de calentador. <\/p>                            <div class=\"two-column\">\r\n                                <div class=\"row clearfix\">\r\n                                    <div class=\"content-column col-md-6 col-sm-6 col-xs-12\">\r\n                                        <div class=\"inner-column right-padd\">\r\n                                            <h3>Detalles del Servicio<\/h3>\r\n                                            <p>Te asesoraremos personalmente y te aconsejaremos lo mejor para la seguridad en tu hogar.<\/p>\r\n                                            <ul class=\"list-style-two\">\r\n                                                \t\t\t\t\t\t\t\t\t\t\t\t                                                    <li>Revisi\u00f3n completa del estado del calentador\r<\/li>\r\n                                                                                                    <li>Sustituci\u00f3n de componentes de desgaste\r<\/li>\r\n                                                                                                    <li>Presupuesto gratuito de la reparaci\u00f3n\r<\/li>\r\n                                                                                                    <li>Garant\u00eda de 6 meses en la reparaci\u00f3n<\/li>\r\n                                                                                            <\/ul>\r\n                                        <\/div>\r\n                                    <\/div>\r\n                                    <div class=\"image-column col-md-6 col-sm-6 col-xs-12\">\r\n                                        <div class=\"image\">\r\n                                            <img decoding=\"async\" src=\"https:\/\/termogascanarias.es\/wp-content\/uploads\/2021\/09\/IMG-20210916-WA0014.jpg\" alt=\"Image\" \/>\r\n                                        <\/div>\r\n                                    <\/div>\r\n                                <\/div>\r\n                            <\/div>\r\n                        <\/div>\r\n                        \r\n                                                    <!--Accordian Boxed-->\r\n                            <div class=\"accordian-boxed\">\r\n                                <h3>M\u00e1s informaci\u00f3n<\/h3>\r\n                                <!--Accordian Box-->\r\n                                <ul class=\"accordion-box style-two\">\r\n                                                                            <!--Block-->\r\n                                        <li class=\"accordion block active-block\">\r\n                                            <div class=\"acc-btn active\"><div class=\"icon-outer\"><span class=\"icon icon-plus fa fa-plus\"><\/span> <span class=\"icon icon-minus fa fa-minus\"><\/span><\/div>Calentador de sustituci\u00f3n<\/div>\r\n                                            <div class=\"acc-content current\">\r\n                                                <div class=\"content\">\r\n                                                    <div class=\"text\">En caso de que el arreglo del calentador no pueda ser reparado insitu, le dejaremos instalado uno de sustituci\u00f3n, de similares caracter\u00edsticas, mientras dure la reparaci\u00f3n.<\/div>\r\n                                                <\/div>\r\n                                            <\/div>\r\n                                        <\/li>\r\n                                                                            <!--Block-->\r\n                                        <li class=\"accordion block\">\r\n                                            <div class=\"acc-btn\"><div class=\"icon-outer\"><span class=\"icon icon-plus fa fa-plus\"><\/span> <span class=\"icon icon-minus fa fa-minus\"><\/span><\/div>Mangueras flexibles o Elast\u00f3mero<\/div>\r\n                                            <div class=\"acc-content\">\r\n                                                <div class=\"content\">\r\n                                                    <div class=\"text\">En caso de que el aparato requiera elast\u00f3mero en su instalaci\u00f3n, \u00e9ste correra a cuenta de nosotros. Si, \u00a1\u00a1gratis!!<\/div>\r\n                                                <\/div>\r\n                                            <\/div>\r\n                                        <\/li>\r\n                                                                            <!--Block-->\r\n                                        <li class=\"accordion block\">\r\n                                            <div class=\"acc-btn\"><div class=\"icon-outer\"><span class=\"icon icon-plus fa fa-plus\"><\/span> <span class=\"icon icon-minus fa fa-minus\"><\/span><\/div>\u00bfEl calentador enciende pero no calienta el agua?<\/div>\r\n                                            <div class=\"acc-content\">\r\n                                                <div class=\"content\">\r\n                                                    <div class=\"text\">Es posible que tenga una obstrucci\u00f3n producida por la cal en algun perlizador. En TermoGas revisamos todos los grifos para comprobar su correcto funcionamiento.<\/div>\r\n                                                <\/div>\r\n                                            <\/div>\r\n                                        <\/li>\r\n                                                                    <\/ul>\r\n                                \r\n                            <\/div>\r\n                                                \r\n                                                <div class=\"row clearfix\">\r\n                            <div class=\"column col-md-6 col-sm-12 col-xs-12\">\r\n                                <div class=\"service-featured\">\r\n                                    \r\n\t\t\t\t\t\t\t\t\t                                        <div class=\"featured-block-two\">\r\n                                            <div class=\"featured-inner\">\r\n                                                <div class=\"content\">\r\n                                                    <div class=\"icon-box\">\r\n                                                        <span class=\"icon flaticon-mechanic\"><\/span>\r\n                                                    <\/div>\r\n                                                    <h3>Equipo profesional<\/h3>\r\n                                                    <div class=\"text\">Nuestra pasi\u00f3n por el mundo del Gas se ve reflejado en la atenci\u00f3n al detalle que ponemos en cada trabajo que realizamos, haciendo \u00e9nfasis en la atenci\u00f3n al cliente.<\/div>\r\n                                                <\/div>\r\n                                            <\/div>\r\n                                        <\/div>\r\n                                                                            <div class=\"featured-block-two\">\r\n                                            <div class=\"featured-inner\">\r\n                                                <div class=\"content\">\r\n                                                    <div class=\"icon-box\">\r\n                                                        <span class=\"icon flaticon-alarm-clock-outline\"><\/span>\r\n                                                    <\/div>\r\n                                                    <h3>Puntualidad<\/h3>\r\n                                                    <div class=\"text\">En TermoGas respetamos el tiempo de nuestros clientes. Ofrecemos nuestro compromiso de que seremos puntuales en nuestras citas<\/div>\r\n                                                <\/div>\r\n                                            <\/div>\r\n                                        <\/div>\r\n                                                                        \r\n                                <\/div>\r\n                            <\/div>\r\n                            <div class=\"column col-md-6 col-sm-12 col-xs-12\">\r\n                                <div class=\"appointment-block\" style=\"background-image:url(https:\/\/termogascanarias.es\/wp-content\/uploads\/2021\/09\/IMG-20210916-WA0011.jpg)\">\r\n                                    <div class=\"inner-block\">\r\n                                        <h2>Solicita <br> tu presupuesto <br> gratuito ahora<\/h2>\r\n                                        <div class=\"advice\">\u00a1Compromiso de respuesta en 24hrs!<\/div>\r\n                                        <a href=\"https:\/\/termogascanarias.es\/fr\/solicitar-presupuesto\/\" class=\"theme-btn btn-style-one\">Solic\u00edtalo aqu\u00ed<\/a>\r\n                                    <\/div>\r\n                                <\/div>\r\n                            <\/div>\r\n                        <\/div>\r\n                                            <\/div>\r\n                <\/div>\r\n            <\/div>\r\n            \r\n        <\/div>\r\n    <\/div>\r\n<\/div><\/div><\/div><\/div><\/div><\/section>","protected":false},"excerpt":{"rendered":"","protected":false},"author":1,"featured_media":0,"parent":0,"menu_order":0,"comment_status":"closed","ping_status":"closed","template":"tpl-king_composer.php","meta":{"sfsi_plus_gutenberg_text_before_share":"","sfsi_plus_gutenberg_show_text_before_share":"","sfsi_plus_gutenberg_icon_type":"","sfsi_plus_gutenberg_icon_alignemt":"","sfsi_plus_gutenburg_max_per_row":"","footnotes":""},"class_list":["post-208","page","type-page","status-publish","hentry"],"_links":{"self":[{"href":"https:\/\/termogascanarias.es\/fr\/wp-json\/wp\/v2\/pages\/208","targetHints":{"allow":["GET"]}}],"collection":[{"href":"https:\/\/termogascanarias.es\/fr\/wp-json\/wp\/v2\/pages"}],"about":[{"href":"https:\/\/termogascanarias.es\/fr\/wp-json\/wp\/v2\/types\/page"}],"author":[{"embeddable":true,"href":"https:\/\/termogascanarias.es\/fr\/wp-json\/wp\/v2\/users\/1"}],"replies":[{"embeddable":true,"href":"https:\/\/termogascanarias.es\/fr\/wp-json\/wp\/v2\/comments?post=208"}],"version-history":[{"count":21,"href":"https:\/\/termogascanarias.es\/fr\/wp-json\/wp\/v2\/pages\/208\/revisions"}],"predecessor-version":[{"id":1314,"href":"https:\/\/termogascanarias.es\/fr\/wp-json\/wp\/v2\/pages\/208\/revisions\/1314"}],"wp:attachment":[{"href":"https:\/\/termogascanarias.es\/fr\/wp-json\/wp\/v2\/media?parent=208"}],"curies":[{"name":"wp","href":"https:\/\/api.w.org\/{rel}","templated":true}]}}