{"id":210,"date":"2021-05-17T10:01:24","date_gmt":"2021-05-17T09:01:24","guid":{"rendered":"http:\/\/wp3.commonsupport.com\/newwp\/fixnox\/?page_id=210"},"modified":"2021-10-10T18:40:31","modified_gmt":"2021-10-10T17:40:31","slug":"instalaciones-de-gas","status":"publish","type":"page","link":"https:\/\/termogascanarias.es\/fr\/instalaciones-de-gas\/","title":{"rendered":"Instalaciones de Gas"},"content":{"rendered":"<section class=\"kc-elm kc-css-699064 kc_row\"><div class=\"kc-row-container  kc-container\"><div class=\"kc-wrap-columns\"><div class=\"kc-elm kc-css-94117 kc_col-sm-12 kc_column kc_col-sm-12\"><div class=\"kc-col-container\"><!--Sidebar Page Container-->\r\n<div class=\"sidebar-page-container\">\r\n    <div class=\"auto-container\">\r\n        <div class=\"row clearfix\">\r\n            \r\n            <!--Sidebar Side-->\r\n            <div class=\"sidebar-side col-lg-3 col-md-4 col-sm-12 col-xs-12\">\r\n                <aside class=\"sidebar\">\r\n                    \t\t\t\t\t\t<div id=\"sfsi-plus-widget-3\" class=\"extendedwopts-hide extendedwopts-tablet extendedwopts-mobile widget sidebar-widget sfsi_plus\"><div class=\"sidebar-title style-two\"><h2>S\u00edguenos en nuestras redes<\/h2><\/div>\t\t\t<div class=\"sfsi_plus_widget\" data-position=\"widget\">\n\t\t\t\t<div id='sfsi_plus_wDiv'><\/div>\n\t\t\t\t\t\t<script>\n\t\t\twindow.addEventListener('sfsi_plus_functions_loaded', function() {\n\t\t\t\tif (typeof sfsi_plus_widget_set == 'function') {\n\t\t\t\t\tsfsi_plus_widget_set();\n\t\t\t\t}\n\t\t\t})\n\t\t<\/script>\n\t\t<div class=\"sfsiplus_norm_row sfsi_plus_wDiv\"  style=\"width:225px;position:absolute;;text-align:left\"><div style='width:40px; height:auto;margin-left:5px;margin-bottom:5px;' class='sfsi_plus_wicons shuffeldiv1'><div class='sfsiplus_inerCnt'><a class='sficn1' data-effect='' target='_blank'  href='https:\/\/www.facebook.com\/TermoGas-Canarias-113413237496667\/'  style='width:40px; height:40px;opacity:1;' ><img alt='https:\/\/www.facebook.com\/TermoGas-Canarias-113413237496667\/' title='https:\/\/www.facebook.com\/TermoGas-Canarias-113413237496667\/' src='https:\/\/termogascanarias.es\/wp-content\/plugins\/ultimate-social-media-plus\/images\/icons_theme\/default\/default_fb.png' width='40' height='40' style='' class='sfcm sfsi_wicon sfsiplusid_round_icon_facebook' data-effect=''  \/><\/a><div class=\"sfsi_plus_tool_tip_2 sfsi_plus_fb_tool_bdr sfsi_plus_Tlleft sfsiplusid_facebook\" style=\"display:block;width:62px;opacity:0;z-index:-1;\"><span class=\"bot_arow bot_fb_arow\"><\/span><div class=\"sfsi_plus_inside\"><div  class='icon1'><a href='https:\/\/www.facebook.com\/TermoGas-Canarias-113413237496667\/' target='_blank'><img class='sfsi_plus_wicon' alt='https:\/\/www.facebook.com\/TermoGas-Canarias-113413237496667\/' title='https:\/\/www.facebook.com\/TermoGas-Canarias-113413237496667\/' src='https:\/\/termogascanarias.es\/wp-content\/plugins\/ultimate-social-media-plus\/images\/visit_icons\/Visit_us_fb\/icon_Visit_us_es_ES.png'  \/><\/a><\/div><div  class='icon2'><div class=\"fb-like\" data-width=\"180\" data-show-faces=\"false\" data-href=\"https%3A%2F%2Ftermogascanarias.es%2Ffr%2Fwp-json%2Fwp%2Fv2%2Fpages%2F210%2F\" data-layout=\"button\" data-action=\"like\" data-share=\"false\" ><\/div><\/div><div  class='icon3'><a target='_blank' href='https:\/\/www.facebook.com\/sharer\/sharer.php?u=https%3A%2F%2Ftermogascanarias.es%2Ffr%2Fwp-json%2Fwp%2Fv2%2Fpages%2F210' style='display:inline-block;'> <img class='sfsi_wicon'  data-pin-nopin='true' width='auto' height='auto' alt='fb-share-icon' title='Facebook Share' src='https:\/\/termogascanarias.es\/wp-content\/plugins\/ultimate-social-media-plus\/images\/share_icons\/fb_icons\/es_ES.svg'' \/><\/a><\/div><\/div><\/div><\/div><\/div><div style='width:40px; height:auto;margin-left:5px;margin-bottom:5px;' class='sfsi_plus_wicons shuffeldiv1'><div class='sfsiplus_inerCnt'><a class='sficn1' data-effect=''   href='javascript:void(0);'  style='width:40px; height:40px;opacity:1;' ><img alt='LinkedIn' title='LinkedIn' src='https:\/\/termogascanarias.es\/wp-content\/plugins\/ultimate-social-media-plus\/images\/icons_theme\/default\/default_linkedin.png' width='40' height='40' style='' class='sfcm sfsi_wicon sfsiplusid_round_icon_linkedin' data-effect=''  \/><\/a><div class=\"sfsi_plus_tool_tip_2 sfsi_plus_linkedin_tool_bdr sfsi_plus_Tlleft sfsiplusid_linkedin\" style=\"display:block;width:99px;opacity:0;z-index:-1;\"><span class=\"bot_arow bot_linkedin_arow\"><\/span><div class=\"sfsi_plus_inside\"><div  class='icon4'><a href='javascript:void(0);' target='_blank'><img class='sfsi_plus_wicon' alt='' title='' src='https:\/\/termogascanarias.es\/wp-content\/plugins\/ultimate-social-media-plus\/images\/visit_icons\/linkedIn.png'  \/><\/a><\/div><div  class='icon1'><script type=\"IN\/FollowCompany\" data-id=\"0\" data-counter=\"none\"><\/script><\/div><div  class='icon2'><a href='https:\/\/www.linkedin.com\/shareArticle?url=https:\/\/termogascanarias.es\/fr\/wp-json\/wp\/v2\/pages\/210'><img class='sfsi_premium_wicon' nopin=\"nopin\" alt='Share' title='Share' src='https:\/\/termogascanarias.es\/wp-content\/plugins\/ultimate-social-media-plus\/images\/share_icons\/Linkedin_Share\/en_US_share.svg'  \/><\/a><\/div><div  class='icon3'><script type=\"IN\/RecommendProduct\" data-company=\"0\" data-product=\"0\"><\/script><\/div><\/div><\/div><\/div><\/div><div style='width:40px; height:auto;margin-left:5px;margin-bottom:5px;' class='sfsi_plus_wicons shuffeldiv1'><div class='sfsiplus_inerCnt'><a class='sficn1' data-effect='' target='_blank'  href='https:\/\/www.instagram.com\/termogascanarias\/'  style='width:40px; height:40px;opacity:1;' ><img alt='https:\/\/www.instagram.com\/termogascanarias\/' title='https:\/\/www.instagram.com\/termogascanarias\/' src='https:\/\/termogascanarias.es\/wp-content\/plugins\/ultimate-social-media-plus\/images\/icons_theme\/default\/default_instagram.png' width='40' height='40' style='' class='sfcm sfsi_wicon sfsiplusid_round_icon_instagram' data-effect=''  \/><\/a><\/div><\/div><\/div><div id=\"sfsi_holder\" class=\"sfsi_plus_holders\" style=\"position: relative; float: left;width:100%;z-index:-1;\"><\/div><script><\/script>\t\t\t\t<div style=\"clear: both;\"><\/div>\n\t\t\t<\/div>\n\t\t<\/div><div id=\"bunch_contact_info-2\" class=\"extendedwopts-hide extendedwopts-tablet extendedwopts-mobile widget sidebar-widget widget_bunch_contact_info\">      \t\t\r\n            <!--Contact Widhet-->\r\n            <div class=\"sidebar-widget contact-info-widget\">\r\n                <div class=\"sidebar-title style-two\"><h2>Contacto<\/h2><\/div>                \r\n                <div class=\"inner-box\">\r\n                    <ul>\r\n                        <li><span class=\"icon fa fa-phone\"><\/span>606 984 903<\/li>\r\n                        <li><span class=\"icon fa fa-send\"><\/span>info@termogascanarias.es<\/li>\r\n                    <\/ul>\r\n                <\/div>\r\n            <\/div>\r\n            \r\n\t\t<\/div>                \t                <\/aside>\r\n            <\/div>\r\n            \r\n            <!--Content Side-->\r\n            <div class=\"content-side col-lg-9 col-md-8 col-sm-12 col-xs-12\">\r\n                <div class=\"services-single\">\r\n                    <div class=\"inner-box\">\r\n                                                <div class=\"gallery-image\">\r\n                            <div class=\"row clearfix\">\r\n                                <div class=\"image-column col-md-7 col-sm-7 col-xs-12\">\r\n                                    <div class=\"image\">\r\n                                        <img decoding=\"async\" src=\"https:\/\/termogascanarias.es\/wp-content\/uploads\/2021\/05\/analisis-pdc.jpg\" alt=\"Image\" \/>\r\n                                    <\/div>\r\n                                <\/div>\r\n                                <div class=\"image-column col-md-5 col-sm-5 col-xs-12\">\r\n                                    <div class=\"image\">\r\n                                        <img decoding=\"async\" src=\"https:\/\/termogascanarias.es\/wp-content\/uploads\/2021\/05\/instalacion-calentador.jpg\" alt=\"Image\" \/>\r\n                                    <\/div>\r\n                                <\/div>\r\n                            <\/div>\r\n                        <\/div>\r\n\t\t\t\t\t\t\r\n                                                \r\n                        <h2>Debe saber que...<\/h2>\r\n                        <div class=\"text\">\r\n                            <p>Una instalaci\u00f3n de gas lleva consigo una serie de normas y requisitos que se deben cumplir para poder estar al d\u00eda con la normativa y asi, poder certificar la misma. <\/p>\r\n<p> <\/p>                            <div class=\"two-column\">\r\n                                <div class=\"row clearfix\">\r\n                                    <div class=\"content-column col-md-6 col-sm-6 col-xs-12\">\r\n                                        <div class=\"inner-column right-padd\">\r\n                                            <h3>Detalles del Servicio<\/h3>\r\n                                            <p>En TermoGas nos ocupamos de realizar estas instalaciones 100% seguras y legales, con todas las pruebas y dise\u00f1o reglamentario.<\/p>\r\n                                            <ul class=\"list-style-two\">\r\n                                                \t\t\t\t\t\t\t\t\t\t\t\t                                                    <li>Utilizamos materiales de \u00faltima generaci\u00f3n.\r<\/li>\r\n                                                                                                    <li>Realizamos certificados en cada uno de nuestros trabajos.\r<\/li>\r\n                                                                                                    <li>Instalaci\u00f3n de llave de corte en la linea de gas y en cada aparato que est\u00e9 conectado a la misma.\r<\/li>\r\n                                                                                                    <li>Instalaci\u00f3n del conducto homologado para la evacuaci\u00f3n de los gases de la combusti\u00f3n.<\/li>\r\n                                                                                            <\/ul>\r\n                                        <\/div>\r\n                                    <\/div>\r\n                                    <div class=\"image-column col-md-6 col-sm-6 col-xs-12\">\r\n                                        <div class=\"image\">\r\n                                            <img decoding=\"async\" src=\"https:\/\/termogascanarias.es\/wp-content\/uploads\/2018\/05\/service-13-1.jpg\" alt=\"Image\" \/>\r\n                                        <\/div>\r\n                                    <\/div>\r\n                                <\/div>\r\n                            <\/div>\r\n                        <\/div>\r\n                        \r\n                                                    <!--Accordian Boxed-->\r\n                            <div class=\"accordian-boxed\">\r\n                                <h3>M\u00e1s informacion<\/h3>\r\n                                <!--Accordian Box-->\r\n                                <ul class=\"accordion-box style-two\">\r\n                                                                            <!--Block-->\r\n                                        <li class=\"accordion block active-block\">\r\n                                            <div class=\"acc-btn active\"><div class=\"icon-outer\"><span class=\"icon icon-plus fa fa-plus\"><\/span> <span class=\"icon icon-minus fa fa-minus\"><\/span><\/div>Prueba de detecci\u00f3n de fugas<\/div>\r\n                                            <div class=\"acc-content current\">\r\n                                                <div class=\"content\">\r\n                                                    <div class=\"text\">Se realizar\u00e1 una prueba de estanqueidad para verificar que no existen fugas de gas en la l\u00ednea y en los aparatos conectados a la misma.<\/div>\r\n                                                <\/div>\r\n                                            <\/div>\r\n                                        <\/li>\r\n                                                                            <!--Block-->\r\n                                        <li class=\"accordion block\">\r\n                                            <div class=\"acc-btn\"><div class=\"icon-outer\"><span class=\"icon icon-plus fa fa-plus\"><\/span> <span class=\"icon icon-minus fa fa-minus\"><\/span><\/div>An\u00e1lisis de la combusti\u00f3n<\/div>\r\n                                            <div class=\"acc-content\">\r\n                                                <div class=\"content\">\r\n                                                    <div class=\"text\">Se realizar\u00e1 un an\u00e1lisis de los Pdc (Productos de la combusti\u00f3n) para garantizar la seguridad de la instalaci\u00f3n y la suya.<\/div>\r\n                                                <\/div>\r\n                                            <\/div>\r\n                                        <\/li>\r\n                                                                            <!--Block-->\r\n                                        <li class=\"accordion block\">\r\n                                            <div class=\"acc-btn\"><div class=\"icon-outer\"><span class=\"icon icon-plus fa fa-plus\"><\/span> <span class=\"icon icon-minus fa fa-minus\"><\/span><\/div>\u00bfMi instalaci\u00f3n de gas necesita mantenimiento?<\/div>\r\n                                            <div class=\"acc-content\">\r\n                                                <div class=\"content\">\r\n                                                    <div class=\"text\">Si. Una vez realizada una instalaci\u00f3n, el propietario\/usuario tiene el deber de solicitar a una empresa instaladora autorizada una revisi\u00f3n de gas cada 5 a\u00f1os para garantizar la seguridad y el correcto funcionamiento y mantenimiento de su instalaci\u00f3n.<\/div>\r\n                                                <\/div>\r\n                                            <\/div>\r\n                                        <\/li>\r\n                                                                            <!--Block-->\r\n                                        <li class=\"accordion block\">\r\n                                            <div class=\"acc-btn\"><div class=\"icon-outer\"><span class=\"icon icon-plus fa fa-plus\"><\/span> <span class=\"icon icon-minus fa fa-minus\"><\/span><\/div>\u00bfC\u00f3mo saber mi instalaci\u00f3n es legal?<\/div>\r\n                                            <div class=\"acc-content\">\r\n                                                <div class=\"content\">\r\n                                                    <div class=\"text\">Para que una instalaci\u00f3n de gas sea legal debe de tener un certificado vigente emitido por una empresa instaladora de gas autorizada<\/div>\r\n                                                <\/div>\r\n                                            <\/div>\r\n                                        <\/li>\r\n                                                                    <\/ul>\r\n                                \r\n                            <\/div>\r\n                                                \r\n                                                <div class=\"row clearfix\">\r\n                            <div class=\"column col-md-6 col-sm-12 col-xs-12\">\r\n                                <div class=\"service-featured\">\r\n                                    \r\n\t\t\t\t\t\t\t\t\t                                        <div class=\"featured-block-two\">\r\n                                            <div class=\"featured-inner\">\r\n                                                <div class=\"content\">\r\n                                                    <div class=\"icon-box\">\r\n                                                        <span class=\"icon flaticon-mechanic\"><\/span>\r\n                                                    <\/div>\r\n                                                    <h3>Equipo profesional<\/h3>\r\n                                                    <div class=\"text\">Nuestra pasi\u00f3n por el mundo del Gas se ve reflejado en la atenci\u00f3n al detalle que ponemos en cada trabajo que realizamos, haciendo \u00e9nfasis en la atenci\u00f3n al cliente.<\/div>\r\n                                                <\/div>\r\n                                            <\/div>\r\n                                        <\/div>\r\n                                                                            <div class=\"featured-block-two\">\r\n                                            <div class=\"featured-inner\">\r\n                                                <div class=\"content\">\r\n                                                    <div class=\"icon-box\">\r\n                                                        <span class=\"icon flaticon-alarm-clock-outline\"><\/span>\r\n                                                    <\/div>\r\n                                                    <h3>Puntualidad<\/h3>\r\n                                                    <div class=\"text\">En TermoGas respetamos el tiempo de nuestros clientes. Ofrecemos nuestro compromiso de que seremos puntuales en nuestras citas<\/div>\r\n                                                <\/div>\r\n                                            <\/div>\r\n                                        <\/div>\r\n                                                                        \r\n                                <\/div>\r\n                            <\/div>\r\n                            <div class=\"column col-md-6 col-sm-12 col-xs-12\">\r\n                                <div class=\"appointment-block\" style=\"background-image:url(https:\/\/termogascanarias.es\/wp-content\/uploads\/2021\/09\/IMG-20210916-WA0011.jpg)\">\r\n                                    <div class=\"inner-block\">\r\n                                        <h2>Solicita <br> tu presupuesto <br> gratuito ahora<\/h2>\r\n                                        <div class=\"advice\">\u00a1Compromiso de respuesta en 24hrs!<\/div>\r\n                                        <a href=\"https:\/\/termogascanarias.es\/fr\/solicitar-presupuesto\/\" class=\"theme-btn btn-style-one\">Solic\u00edtalo aqu\u00ed<\/a>\r\n                                    <\/div>\r\n                                <\/div>\r\n                            <\/div>\r\n                        <\/div>\r\n                                            <\/div>\r\n                <\/div>\r\n            <\/div>\r\n            \r\n        <\/div>\r\n    <\/div>\r\n<\/div><\/div><\/div><\/div><\/div><\/section>","protected":false},"excerpt":{"rendered":"","protected":false},"author":1,"featured_media":0,"parent":0,"menu_order":0,"comment_status":"closed","ping_status":"closed","template":"tpl-king_composer.php","meta":{"sfsi_plus_gutenberg_text_before_share":"","sfsi_plus_gutenberg_show_text_before_share":"","sfsi_plus_gutenberg_icon_type":"","sfsi_plus_gutenberg_icon_alignemt":"","sfsi_plus_gutenburg_max_per_row":"","footnotes":""},"class_list":["post-210","page","type-page","status-publish","hentry"],"_links":{"self":[{"href":"https:\/\/termogascanarias.es\/fr\/wp-json\/wp\/v2\/pages\/210","targetHints":{"allow":["GET"]}}],"collection":[{"href":"https:\/\/termogascanarias.es\/fr\/wp-json\/wp\/v2\/pages"}],"about":[{"href":"https:\/\/termogascanarias.es\/fr\/wp-json\/wp\/v2\/types\/page"}],"author":[{"embeddable":true,"href":"https:\/\/termogascanarias.es\/fr\/wp-json\/wp\/v2\/users\/1"}],"replies":[{"embeddable":true,"href":"https:\/\/termogascanarias.es\/fr\/wp-json\/wp\/v2\/comments?post=210"}],"version-history":[{"count":68,"href":"https:\/\/termogascanarias.es\/fr\/wp-json\/wp\/v2\/pages\/210\/revisions"}],"predecessor-version":[{"id":1321,"href":"https:\/\/termogascanarias.es\/fr\/wp-json\/wp\/v2\/pages\/210\/revisions\/1321"}],"wp:attachment":[{"href":"https:\/\/termogascanarias.es\/fr\/wp-json\/wp\/v2\/media?parent=210"}],"curies":[{"name":"wp","href":"https:\/\/api.w.org\/{rel}","templated":true}]}}